{"id":194,"date":"2024-04-18T18:40:08","date_gmt":"2024-04-18T16:40:08","guid":{"rendered":"https:\/\/cie-hamsa.com\/?page_id=194"},"modified":"2024-06-13T21:33:36","modified_gmt":"2024-06-13T19:33:36","slug":"pascal-fauliot","status":"publish","type":"page","link":"https:\/\/cie-hamsa.com\/index.php\/hamsa\/artistes\/artistes-associes\/pascal-fauliot\/","title":{"rendered":"PASCAL FAULIOT"},"content":{"rendered":"\n<p><img loading=\"lazy\" decoding=\"async\" width=\"150\" height=\"200\" class=\"wp-image-195\" style=\"width: 150px;\" src=\"http:\/\/cie-hamsa.com\/wp-content\/uploads\/2024\/04\/IMG_9694.jpg\" alt=\"Pascal Fauliot\" srcset=\"https:\/\/cie-hamsa.com\/wp-content\/uploads\/2024\/04\/IMG_9694.jpg 1536w, https:\/\/cie-hamsa.com\/wp-content\/uploads\/2024\/04\/IMG_9694-225x300.jpg 225w, https:\/\/cie-hamsa.com\/wp-content\/uploads\/2024\/04\/IMG_9694-768x1024.jpg 768w, https:\/\/cie-hamsa.com\/wp-content\/uploads\/2024\/04\/IMG_9694-1152x1536.jpg 1152w, https:\/\/cie-hamsa.com\/wp-content\/uploads\/2024\/04\/IMG_9694-520x693.jpg 520w, https:\/\/cie-hamsa.com\/wp-content\/uploads\/2024\/04\/IMG_9694-740x987.jpg 740w\" sizes=\"(max-width: 150px) 100vw, 150px\" \/><mark style=\"background-color:rgba(0, 0, 0, 0)\" class=\"has-inline-color has-black-color\"><strong>Conteur, auteur, metteur en sc\u00e8ne,&nbsp;&nbsp;directeur artistique de la Cie Hamsa et du Festival du L\u00e9gendaire&nbsp;<\/strong><\/mark><\/p>\n\n\n\n<p>Il fait partie des pionniers du <strong>Renouveau du Conte<\/strong> en France.&nbsp;&nbsp;<\/p>\n\n\n\n<p>Pratiquant dans son adolescence les Arts Martiaux&nbsp; traditionnels, il \u00e9tudie avec Jacques NORMAND,&nbsp;&nbsp;premier europ\u00e9en introduit dans les \u00e9coles&nbsp; anciennes de Bud\u00f4 (Voie du Guerrier) et qui, apr\u00e8s 10 ans au Japon, obtient le titre tr\u00e8s rare de <strong>shihan <\/strong>(ma\u00eetre d&rsquo;arme).&nbsp;<\/p>\n\n\n\n<p>Pascal d\u00e9couvre aupr\u00e8s de ce ma\u00eetre, qui est aussi un excellent conteur, les contes&nbsp; zen et les l\u00e9gendes de samoura\u00efs ! Il recueille ces histoires, les raconte \u00e0 son tour et les publie sous le&nbsp; titre \u00ab Les contes des Arts Martiaux \u00bb (Albin Michel) en 1980. Ce recueil, traduit en plusieurs langues,&nbsp; deviendra un best-seller international.&nbsp;<\/p>\n\n\n\n<p>En 1981, il est l&rsquo;un des co-fondateurs du <strong>CLIO <\/strong>(Centre de Litt\u00e9rature Orale) anim\u00e9 par Bruno de LA SALLE, principal artisan de la reconnaissance de l&rsquo;Art du Conte et collabore ainsi (co-\u00e9criture et&nbsp; interpr\u00e9tation) aux d\u00e9sormais mythiques nuits des r\u00e9cits-fleuves cr\u00e9\u00e9s au Festival d\u2019Avignon, diffus\u00e9s&nbsp; et produits par France-Culture. (Le R\u00e9cit de Sh\u00e9h\u00e9razade, Le Cycle du Roi Arthur, Perceval).&nbsp;<\/p>\n\n\n\n<p>De 1986 \u00e0 1990, il participe aux activit\u00e9s et spectacles de la Compagnie du Cercle d\u2019Abbi PATRIX, qui&nbsp;sera co-directeur de la Maison du Conte de Chevilly-Larue, et co-\u00e9crit le conte musical \u00ab la guerre des&nbsp;Corbeaux et des Hiboux \u00bb (Prix de l&rsquo;Acad\u00e9mie Charles Cros).&nbsp;&nbsp;<\/p>\n\n\n\n<p>En 1987, il fonde avec Martine SALMON, conteuse, danseuse et chor\u00e9graphe, la Compagnie HAMSA o\u00f9&nbsp; il cr\u00e9e des spectacles qui relient le conte, la musique et la gestuelle. Ces spectacles tourneront dans&nbsp; de nombreux festivals (Paris Quartiers d&rsquo;Et\u00e9, Festival d&rsquo;Ile de France, Vand&rsquo;influences de Vandoeuvre, Les Tomb\u00e9es de la Nuit et Mythos de Rennes, Epos de Vend\u00f4me, Les Arts du R\u00e9cit de Grenoble, du&nbsp; Conte de Chevilly-Larue, Rumeurs Urbaines,&#8230;), des Sc\u00e8nes Nationales (Dunkerque, Saint-Brieuc,&nbsp; Vandoeuvre, Douai, La Roche s\/Yon, Marne la Vall\u00e9e,&#8230;), le Th\u00e9\u00e2tre National de La Cri\u00e9e de Marseille,&nbsp; des m\u00e9diath\u00e8ques et des Mus\u00e9es Nationaux (Guimet, Quai Branly, Le Louvre, Institut du Monde&nbsp;Arabe etc).&nbsp;<\/p>\n\n\n\n<p>Derni\u00e8rement, il est invit\u00e9 \u00e0 collaborer comme auteur de livret et r\u00e9citant \u00e0 des cr\u00e9ations de Drames&nbsp; Lyriques Cont\u00e9s mis en sc\u00e8ne par Yoshi O\u00cfDA (c\u00e9l\u00e8bre acteur japonais et com\u00e9dien embl\u00e9matique de&nbsp; Peter Brook) \u00e0 la Maison de la Culture du Japon et au Mus\u00e9e Guimet : (Ao\u00ef no Ue, d&rsquo;apr\u00e8s le Dit du&nbsp; Genji, musique Yoritsune Matsuda\u00efra \u2013 Mme Chrysanth\u00e8me, d&rsquo;apr\u00e8s le journal de Pierre Loti et l&rsquo;op\u00e9ra&nbsp; d&rsquo;Andr\u00e9 Messager).<\/p>\n\n\n\n<p>Parall\u00e8lement, il publie 18 recueils de contes et l\u00e9gendes chez Syros, Casterman et au Seuil, dans la&nbsp; magnifique collection des \u00ab <strong>Contes des Sages <\/strong>\u00bb cr\u00e9\u00e9e par Henri GOUGAUD. Il est \u00e9galement directeur&nbsp; de la collection de contes \u00ab ApprentisSages \u00bb (Cipango).&nbsp;<\/p>\n\n\n\n<p>Il est invit\u00e9 r\u00e9guli\u00e8rement sur France Culture et France Inter (Les Racines du Ciel, On ne parle pas la&nbsp; bouche pleine, La Grande Table, Carnets de Campagne, La Librairie Francophone, La Nuit est \u00e0&nbsp; Vous&#8230;).<\/p>\n\n\n\n<p>Il est aussi depuis 2000 le&nbsp;fondateur et le directeur artistique du Festival du L\u00e9gendaire conventionn\u00e9 par le Conseil&nbsp;d\u00e9partemental d&rsquo;Eure et Loir, subventionn\u00e9 par la DRAC-Centre (Minist\u00e8re de la Culture), le Conseil&nbsp; R\u00e9gional du Centre-Val de Loire.&nbsp;Le Festival re\u00e7oit en 2019 le \u00ab Prix SOFIA de l\u2019engagement dans&nbsp; l\u2019action culturelle \u00bb pour le Livre et la Lecture et le maillage territorial.&nbsp;<\/p>\n\n\n\n<p>Pascal Fauliot anime depuis des ann\u00e9es des formations \u00e0 l\u2019Art du Conte pour amateurs et&nbsp; professionnels (biblioth\u00e9caires, enseignants, animateurs), des ateliers d\u2019\u00e9criture et d\u2019expression orale&nbsp; pour les scolaires (notamment SEGPA, CFA), les Centres de Loisirs, et les publics prioritaires : d\u00e9tenus, services de Protection Judiciaire de la Jeunesse, Aide \u00e0 l\u2019Enfance.<\/p>\n\n\n\n<p><\/p>\n\n\n\n<p><a href=\"https:\/\/cie-hamsa.com\/index.php\/bibliographie\/\" data-type=\"page\" data-id=\"247\">BIBLIOGRAPHIE<\/a><\/p>\n\n\n\n<p>CONTACT DIFFUSION NATIONALE : <a href=\"https:\/\/www.agence-spoke.com\/artiste\/pascal-fauliot\/\" data-type=\"link\" data-id=\"https:\/\/www.agence-spoke.com\/artiste\/pascal-fauliot\/\">AGENCE SPOKE<\/a><\/p>\n\n\n\n<p>CONTACT DIFFUSION R\u00c9GION CENTRE VAL DE LOIRE : 06.09.72.93.91 directionciehamsa@orange.fr<\/p>\n\n\n\n<p><\/p>\n\n\n\n<p><\/p>\n","protected":false},"excerpt":{"rendered":"<p>Conteur, auteur, metteur en sc\u00e8ne,&nbsp;&nbsp;directeur artistique de la Cie Hamsa et du Festival du L\u00e9gendaire&nbsp; Il fait partie des pionniers du Renouveau du Conte en France.&nbsp;&nbsp; Pratiquant dans son adolescence les Arts Martiaux&nbsp; traditionnels, il<a class=\"read-more\" href=\"https:\/\/cie-hamsa.com\/index.php\/hamsa\/artistes\/artistes-associes\/pascal-fauliot\/\">Continue reading<\/a><\/p>\n","protected":false},"author":1,"featured_media":0,"parent":191,"menu_order":1,"comment_status":"closed","ping_status":"closed","template":"","meta":{"footnotes":""},"_links":{"self":[{"href":"https:\/\/cie-hamsa.com\/index.php\/wp-json\/wp\/v2\/pages\/194"}],"collection":[{"href":"https:\/\/cie-hamsa.com\/index.php\/wp-json\/wp\/v2\/pages"}],"about":[{"href":"https:\/\/cie-hamsa.com\/index.php\/wp-json\/wp\/v2\/types\/page"}],"author":[{"embeddable":true,"href":"https:\/\/cie-hamsa.com\/index.php\/wp-json\/wp\/v2\/users\/1"}],"replies":[{"embeddable":true,"href":"https:\/\/cie-hamsa.com\/index.php\/wp-json\/wp\/v2\/comments?post=194"}],"version-history":[{"count":6,"href":"https:\/\/cie-hamsa.com\/index.php\/wp-json\/wp\/v2\/pages\/194\/revisions"}],"predecessor-version":[{"id":283,"href":"https:\/\/cie-hamsa.com\/index.php\/wp-json\/wp\/v2\/pages\/194\/revisions\/283"}],"up":[{"embeddable":true,"href":"https:\/\/cie-hamsa.com\/index.php\/wp-json\/wp\/v2\/pages\/191"}],"wp:attachment":[{"href":"https:\/\/cie-hamsa.com\/index.php\/wp-json\/wp\/v2\/media?parent=194"}],"curies":[{"name":"wp","href":"https:\/\/api.w.org\/{rel}","templated":true}]}}