{"id":202,"date":"2024-04-18T18:59:21","date_gmt":"2024-04-18T16:59:21","guid":{"rendered":"https:\/\/cie-hamsa.com\/?page_id=202"},"modified":"2024-04-18T19:01:46","modified_gmt":"2024-04-18T17:01:46","slug":"julia-alimasi","status":"publish","type":"page","link":"https:\/\/cie-hamsa.com\/index.php\/hamsa\/artistes\/artistes-associes\/julia-alimasi\/","title":{"rendered":"JULIA ALIMASI"},"content":{"rendered":"\n<p><a href=\"http:\/\/www.juliaalimasi.fr\">www.juliaalimasi.fr<\/a><\/p>\n\n\n\n<p><img loading=\"lazy\" decoding=\"async\" width=\"150\" height=\"226\" class=\"wp-image-203\" style=\"width: 150px;\" src=\"http:\/\/cie-hamsa.com\/wp-content\/uploads\/2024\/04\/DSC07614-scaled.jpg\" alt=\"\" srcset=\"https:\/\/cie-hamsa.com\/wp-content\/uploads\/2024\/04\/DSC07614-scaled.jpg 1701w, https:\/\/cie-hamsa.com\/wp-content\/uploads\/2024\/04\/DSC07614-199x300.jpg 199w, https:\/\/cie-hamsa.com\/wp-content\/uploads\/2024\/04\/DSC07614-680x1024.jpg 680w, https:\/\/cie-hamsa.com\/wp-content\/uploads\/2024\/04\/DSC07614-768x1156.jpg 768w, https:\/\/cie-hamsa.com\/wp-content\/uploads\/2024\/04\/DSC07614-1021x1536.jpg 1021w, https:\/\/cie-hamsa.com\/wp-content\/uploads\/2024\/04\/DSC07614-1361x2048.jpg 1361w, https:\/\/cie-hamsa.com\/wp-content\/uploads\/2024\/04\/DSC07614-520x783.jpg 520w, https:\/\/cie-hamsa.com\/wp-content\/uploads\/2024\/04\/DSC07614-740x1114.jpg 740w\" sizes=\"(max-width: 150px) 100vw, 150px\" \/>Conteuse et com\u00e9dienne d&rsquo;origine italienne et congolaise, Julia aime le m\u00e9tissage des arts et des langages. Sa recherche se situe alors entre les mots et le mouvement, entre la tradition et l&rsquo;inconnu, entre les langues vivantes et celles qui sont muettes, oubli\u00e9es, cach\u00e9es.<\/p>\n\n\n\n<p>Apr\u00e8s un parcours dans l&rsquo;interculturel et les droits sociaux pour les migrants en Italie, elle arrive en France en 2011 et c&rsquo;est l\u00e0 que sa recherche th\u00e9\u00e2trale commence.<\/p>\n\n\n\n<p>C&rsquo;est Peter Tournier qui lui permet de rentrer en contact avec des grands ma\u00eetres de diff\u00e9rentes disciplines : Masato Masatura pour le N\u00f4, Philippe Caub\u00e8re pour l&rsquo;interpr\u00e9tation, Hassan et Toumani Kouyat\u00e9 pour l&rsquo;art du conte. Et depuis, gourmande qu&rsquo;elle est, elle continue \u00e0 explorer, \u00e0 se former, \u00e0 \u00e9largir les champs des possibles.<\/p>\n\n\n\n<p>En 2018 elle rencontre Pascal Fauliot qui l\u2019invite \u00e0 prendre son envol, l\u2019encourageant dans le jeu au service du conte. Ensuite, il l\u2019invite \u00e0 rejoindre la cie Hamsa en tant qu\u2019artiste associ\u00e9e et depuis Julia am\u00e8ne ses contes \u00e0 la rencontre des publics les plus \u00e9loign\u00e9s de la sc\u00e8ne. Elle va dans les CADA, dans les h\u00f4pitaux et foyer de vie.<\/p>\n\n\n\n<p>Julia d\u00e9fend un art du conte tel un lieu d&rsquo;introspection et d&rsquo;expression, un art complet o\u00f9 corps, voix et langues tissent l&rsquo;imaginaire, elle recherche des exp\u00e9riences th\u00e9\u00e2trales qui soient un lieu d&rsquo;\u00e9change, de questionnement et d&rsquo;ouverture.<\/p>\n","protected":false},"excerpt":{"rendered":"<p>www.juliaalimasi.fr Conteuse et com\u00e9dienne d&rsquo;origine italienne et congolaise, Julia aime le m\u00e9tissage des arts et des langages. Sa recherche se situe alors entre les mots et le mouvement, entre la tradition et l&rsquo;inconnu, entre les<a class=\"read-more\" href=\"https:\/\/cie-hamsa.com\/index.php\/hamsa\/artistes\/artistes-associes\/julia-alimasi\/\">Continue reading<\/a><\/p>\n","protected":false},"author":1,"featured_media":0,"parent":191,"menu_order":3,"comment_status":"closed","ping_status":"closed","template":"","meta":{"footnotes":""},"_links":{"self":[{"href":"https:\/\/cie-hamsa.com\/index.php\/wp-json\/wp\/v2\/pages\/202"}],"collection":[{"href":"https:\/\/cie-hamsa.com\/index.php\/wp-json\/wp\/v2\/pages"}],"about":[{"href":"https:\/\/cie-hamsa.com\/index.php\/wp-json\/wp\/v2\/types\/page"}],"author":[{"embeddable":true,"href":"https:\/\/cie-hamsa.com\/index.php\/wp-json\/wp\/v2\/users\/1"}],"replies":[{"embeddable":true,"href":"https:\/\/cie-hamsa.com\/index.php\/wp-json\/wp\/v2\/comments?post=202"}],"version-history":[{"count":1,"href":"https:\/\/cie-hamsa.com\/index.php\/wp-json\/wp\/v2\/pages\/202\/revisions"}],"predecessor-version":[{"id":204,"href":"https:\/\/cie-hamsa.com\/index.php\/wp-json\/wp\/v2\/pages\/202\/revisions\/204"}],"up":[{"embeddable":true,"href":"https:\/\/cie-hamsa.com\/index.php\/wp-json\/wp\/v2\/pages\/191"}],"wp:attachment":[{"href":"https:\/\/cie-hamsa.com\/index.php\/wp-json\/wp\/v2\/media?parent=202"}],"curies":[{"name":"wp","href":"https:\/\/api.w.org\/{rel}","templated":true}]}}