{"id":227,"date":"2024-04-18T19:34:17","date_gmt":"2024-04-18T17:34:17","guid":{"rendered":"https:\/\/cie-hamsa.com\/?page_id=227"},"modified":"2024-08-07T16:56:00","modified_gmt":"2024-08-07T14:56:00","slug":"formations","status":"publish","type":"page","link":"https:\/\/cie-hamsa.com\/index.php\/formations\/","title":{"rendered":"FORMATIONS"},"content":{"rendered":"\n<figure class=\"wp-block-gallery has-nested-images columns-default is-cropped wp-block-gallery-1 is-layout-flex wp-block-gallery-is-layout-flex\">\n<figure class=\"wp-block-image size-large\"><img loading=\"lazy\" decoding=\"async\" width=\"768\" height=\"1024\" data-id=\"343\" src=\"https:\/\/cie-hamsa.com\/wp-content\/uploads\/2024\/06\/atelier-2-768x1024.jpg\" alt=\"\" class=\"wp-image-343\" srcset=\"https:\/\/cie-hamsa.com\/wp-content\/uploads\/2024\/06\/atelier-2-768x1024.jpg 768w, https:\/\/cie-hamsa.com\/wp-content\/uploads\/2024\/06\/atelier-2-225x300.jpg 225w, https:\/\/cie-hamsa.com\/wp-content\/uploads\/2024\/06\/atelier-2-1152x1536.jpg 1152w, https:\/\/cie-hamsa.com\/wp-content\/uploads\/2024\/06\/atelier-2-520x693.jpg 520w, https:\/\/cie-hamsa.com\/wp-content\/uploads\/2024\/06\/atelier-2-740x987.jpg 740w, https:\/\/cie-hamsa.com\/wp-content\/uploads\/2024\/06\/atelier-2.jpg 1200w\" sizes=\"(max-width: 768px) 100vw, 768px\" \/><\/figure>\n\n\n\n<figure class=\"wp-block-image size-large\"><img loading=\"lazy\" decoding=\"async\" width=\"768\" height=\"1024\" data-id=\"342\" src=\"https:\/\/cie-hamsa.com\/wp-content\/uploads\/2024\/06\/atelier-3-768x1024.jpg\" alt=\"\" class=\"wp-image-342\" srcset=\"https:\/\/cie-hamsa.com\/wp-content\/uploads\/2024\/06\/atelier-3-768x1024.jpg 768w, https:\/\/cie-hamsa.com\/wp-content\/uploads\/2024\/06\/atelier-3-225x300.jpg 225w, https:\/\/cie-hamsa.com\/wp-content\/uploads\/2024\/06\/atelier-3-1152x1536.jpg 1152w, https:\/\/cie-hamsa.com\/wp-content\/uploads\/2024\/06\/atelier-3-520x693.jpg 520w, https:\/\/cie-hamsa.com\/wp-content\/uploads\/2024\/06\/atelier-3-740x987.jpg 740w, https:\/\/cie-hamsa.com\/wp-content\/uploads\/2024\/06\/atelier-3.jpg 1200w\" sizes=\"(max-width: 768px) 100vw, 768px\" \/><\/figure>\n\n\n\n<figure class=\"wp-block-image size-large\"><img loading=\"lazy\" decoding=\"async\" width=\"768\" height=\"1024\" data-id=\"341\" src=\"https:\/\/cie-hamsa.com\/wp-content\/uploads\/2024\/06\/Eleonore-ateleir-768x1024.jpg\" alt=\"\" class=\"wp-image-341\" srcset=\"https:\/\/cie-hamsa.com\/wp-content\/uploads\/2024\/06\/Eleonore-ateleir-768x1024.jpg 768w, https:\/\/cie-hamsa.com\/wp-content\/uploads\/2024\/06\/Eleonore-ateleir-225x300.jpg 225w, https:\/\/cie-hamsa.com\/wp-content\/uploads\/2024\/06\/Eleonore-ateleir-1152x1536.jpg 1152w, https:\/\/cie-hamsa.com\/wp-content\/uploads\/2024\/06\/Eleonore-ateleir-520x693.jpg 520w, https:\/\/cie-hamsa.com\/wp-content\/uploads\/2024\/06\/Eleonore-ateleir-740x987.jpg 740w, https:\/\/cie-hamsa.com\/wp-content\/uploads\/2024\/06\/Eleonore-ateleir.jpg 1200w\" sizes=\"(max-width: 768px) 100vw, 768px\" \/><\/figure>\n<\/figure>\n\n\n\n<p><strong>Les ateliers se d\u00e9roulent sur trois axes.&nbsp;<\/strong><\/p>\n\n\n\n<p><strong>Tout d\u2019abord, une \u00e9vocation des genres du conte pour mieux comprendre leurs fonctions, leur fonctionnement et leur symbolique. Ensuite, des exercices collectifs, ludiques et progressifs qui permettent d\u2019explorer ses propres capacit\u00e9s vocales, gestuelles, imaginatives et expressives. Enfin, un travail individualis\u00e9 afin de s\u2019approprier des contes de son choix, de les dire avec ses propres mots en accord avec sa sensibilit\u00e9 et de les perfectionner en les rendant plus vivants, plus po\u00e9tiques ou humoristiques.<\/strong><\/p>\n\n\n\n<p><strong>Un dimanche par mois :  de 11h \u00e0 18h<\/strong> <strong>\u00e0 Luisant<\/strong> <strong>(28).<\/strong><\/p>\n\n\n\n<p><strong>Ouvert aux conteu.r.se.s d\u00e9butants ou confirm\u00e9s.<\/strong><\/p>\n\n\n\n<p><strong>Tarifs : \u00c0 l&rsquo;unit\u00e9 : plein tarif : 60\u20ac, tarif r\u00e9duit : 30\u20ac (ch\u00f4meurs, \u00e9tudiants, RSA) &#8211;<\/strong><\/p>\n\n\n\n<p><strong>Au trimestre : plein tarif : 150\u20ac, tarif r\u00e9duit : 60\u20ac<\/strong><\/p>\n\n\n\n<p><\/p>\n\n\n\n<p><strong>Renseignements et inscriptions : a.hamsa@wanadoo.fr \/ 06 09 72 93 91 ou ateliers@cie-hamsa.com \/ 07 60 57 01 26<\/strong><\/p>\n\n\n\n<h2 class=\"wp-block-heading\">Masterclass <\/h2>\n\n\n\n<p>Des rencontres exceptionnelles avec des artistes invit\u00e9s au Festival Le L\u00e9gendaire et les artistes associ\u00e9s.<\/p>\n\n\n\n<p>Prochainement : <strong>Contes et musique<\/strong> (d\u00e9cembre 2024).<\/p>\n\n\n\n<p><\/p>\n","protected":false},"excerpt":{"rendered":"<p>Les ateliers se d\u00e9roulent sur trois axes.&nbsp; Tout d\u2019abord, une \u00e9vocation des genres du conte pour mieux comprendre leurs fonctions, leur fonctionnement et leur symbolique. Ensuite, des exercices collectifs, ludiques et progressifs qui permettent d\u2019explorer<a class=\"read-more\" href=\"https:\/\/cie-hamsa.com\/index.php\/formations\/\">Continue reading<\/a><\/p>\n","protected":false},"author":1,"featured_media":0,"parent":0,"menu_order":0,"comment_status":"closed","ping_status":"closed","template":"","meta":{"footnotes":""},"_links":{"self":[{"href":"https:\/\/cie-hamsa.com\/index.php\/wp-json\/wp\/v2\/pages\/227"}],"collection":[{"href":"https:\/\/cie-hamsa.com\/index.php\/wp-json\/wp\/v2\/pages"}],"about":[{"href":"https:\/\/cie-hamsa.com\/index.php\/wp-json\/wp\/v2\/types\/page"}],"author":[{"embeddable":true,"href":"https:\/\/cie-hamsa.com\/index.php\/wp-json\/wp\/v2\/users\/1"}],"replies":[{"embeddable":true,"href":"https:\/\/cie-hamsa.com\/index.php\/wp-json\/wp\/v2\/comments?post=227"}],"version-history":[{"count":10,"href":"https:\/\/cie-hamsa.com\/index.php\/wp-json\/wp\/v2\/pages\/227\/revisions"}],"predecessor-version":[{"id":364,"href":"https:\/\/cie-hamsa.com\/index.php\/wp-json\/wp\/v2\/pages\/227\/revisions\/364"}],"wp:attachment":[{"href":"https:\/\/cie-hamsa.com\/index.php\/wp-json\/wp\/v2\/media?parent=227"}],"curies":[{"name":"wp","href":"https:\/\/api.w.org\/{rel}","templated":true}]}}