{"id":232,"date":"2024-04-18T19:44:06","date_gmt":"2024-04-18T17:44:06","guid":{"rendered":"https:\/\/cie-hamsa.com\/?page_id=232"},"modified":"2024-06-13T22:07:57","modified_gmt":"2024-06-13T20:07:57","slug":"parternariats","status":"publish","type":"page","link":"https:\/\/cie-hamsa.com\/index.php\/parternariats\/","title":{"rendered":"PARTENARIATS"},"content":{"rendered":"\n<ul>\n<li><span style=\"color: #333333;\"><span style=\"vertical-align: inherit;\"><span style=\"vertical-align: inherit;\">la Ligue de l&rsquo;Enseignement (FOL 28)<\/span><\/span><\/span><\/li>\n\n\n\n<li><span style=\"color: #333333;\"><span style=\"vertical-align: inherit;\"><span style=\"vertical-align: inherit;\">la M\u00e9diath\u00e8que D\u00e9partementale 28 (MDEL)<\/span><\/span><\/span><\/li>\n\n\n\n<li>Minist\u00e8re de la Culture (DRAC)<\/li>\n\n\n\n<li>R\u00e9gion Centre-Val de Loire<\/li>\n\n\n\n<li>D\u00e9partement d&rsquo;Eure-et-Loir<\/li>\n\n\n\n<li>Ville de Luisant<\/li>\n\n\n\n<li>La Sofia Action Culturelle<\/li>\n\n\n\n<li>Fondation du Cr\u00e9dit Mutuel pour la Lecture<\/li>\n<\/ul>\n","protected":false},"excerpt":{"rendered":"","protected":false},"author":1,"featured_media":0,"parent":0,"menu_order":0,"comment_status":"closed","ping_status":"closed","template":"","meta":{"footnotes":""},"_links":{"self":[{"href":"https:\/\/cie-hamsa.com\/index.php\/wp-json\/wp\/v2\/pages\/232"}],"collection":[{"href":"https:\/\/cie-hamsa.com\/index.php\/wp-json\/wp\/v2\/pages"}],"about":[{"href":"https:\/\/cie-hamsa.com\/index.php\/wp-json\/wp\/v2\/types\/page"}],"author":[{"embeddable":true,"href":"https:\/\/cie-hamsa.com\/index.php\/wp-json\/wp\/v2\/users\/1"}],"replies":[{"embeddable":true,"href":"https:\/\/cie-hamsa.com\/index.php\/wp-json\/wp\/v2\/comments?post=232"}],"version-history":[{"count":5,"href":"https:\/\/cie-hamsa.com\/index.php\/wp-json\/wp\/v2\/pages\/232\/revisions"}],"predecessor-version":[{"id":308,"href":"https:\/\/cie-hamsa.com\/index.php\/wp-json\/wp\/v2\/pages\/232\/revisions\/308"}],"wp:attachment":[{"href":"https:\/\/cie-hamsa.com\/index.php\/wp-json\/wp\/v2\/media?parent=232"}],"curies":[{"name":"wp","href":"https:\/\/api.w.org\/{rel}","templated":true}]}}