{"id":247,"date":"2024-04-18T20:13:45","date_gmt":"2024-04-18T18:13:45","guid":{"rendered":"https:\/\/cie-hamsa.com\/?page_id=247"},"modified":"2024-04-18T20:13:45","modified_gmt":"2024-04-18T18:13:45","slug":"bibliographie","status":"publish","type":"page","link":"https:\/\/cie-hamsa.com\/index.php\/bibliographie\/","title":{"rendered":"BIBLIOGRAPHIE"},"content":{"rendered":"\n<h2 class=\"wp-block-heading\"><strong>Dans la collection \u00ab contes des sages \u00bb cr\u00e9\u00e9e par Henri Gougaud au SEUIL<\/strong><\/h2>\n\n\n\n<ul>\n<li><strong>Contes des sages tao\u00efstes<\/strong>,\u00a0<\/li>\n\n\n\n<li><strong>Contes des sages du Tibet <\/strong>&#8211; <em>Prix litt\u00e9rature de la Nuit du Livre 2007\u00a0<\/em><\/li>\n\n\n\n<li><strong>Contes des sages du Japon <\/strong><em>\u2013 Coup de c\u0153ur des libraires de la FNAC\u00a0<\/em><\/li>\n\n\n\n<li><strong>Contes des sages chamanes <\/strong>(avec Patrick Fischmann)\u00a0<\/li>\n\n\n\n<li><strong>Contes des sages peaux-rouges <\/strong>(avec Patrick Fischmann)\u00a0<\/li>\n\n\n\n<li><strong>Contes des sages jardiniers <\/strong>(avec Patrick Fischmann) \u2013 <em>S\u00e9lection Prix Michel Tournier <\/em><strong>-Contes des sages samoura\u00efs <\/strong>\u2013 <em>S\u00e9lection annuelle de la Revue du Livre pour la Jeunesse <\/em><strong>-Contes des sages tsiganes <\/strong>(avec Patrick Fischmann)\u00a0<\/li>\n\n\n\n<li><strong>Contes des sages zen <\/strong>&#8211; <em>Coup de c\u0153ur de la Revue du Livre pour la Jeunesse <\/em><strong>-Contes des sages cuisiniers <\/strong>(avec Patrick Fischmann) \u2013 <em>s\u00e9lection Prix Litt\u00e9raire gastronomique\u00a0 \u00ab Ziryab \u00bb (Liban) 2014 et Prix France Bleu 2015 \u2013 Coup de c\u0153ur des libraires et de Val\u00e9rie\u00a0 Expert (sur LCI) \u2013 S\u00e9lectionn\u00e9 dans les 12 livres \u00ab gourmands \u00bbpour l&rsquo;\u00e9t\u00e9 2017 par la Revue\u00a0 gastronomique Atabula.\u00a0<\/em><\/li>\n\n\n\n<li><strong>Contes des sages bouddhistes <\/strong>\u2013 <em>S\u00e9lection annuelle de la Revue du Livre pour la Jeunesse <\/em><strong>-Contes des sages artisans <\/strong>(avec Patrick Fischmann \u2013 parution mars 2017) <strong>-Quand la sagesse nous est cont\u00e9e <\/strong>&#8211; Edition collector (2018)\u00a0Co-auteur avec Patrick Chamoiseau, Jean-Jacques Fdida, Malika Halbaoui, C\u00e9line Ripoll <\/li>\n\n\n\n<li><strong>Contes des Sages Alchimistes <\/strong>(2023)<\/li>\n<\/ul>\n\n\n\n<h2 class=\"wp-block-heading\"><strong>Dans la collection Epop\u00e9e chez CASTERMAN<\/strong><\/h2>\n\n\n\n<ul>\n<li><strong>L\u2019\u00e9pop\u00e9e du Roi Singe <\/strong>(Chine) &#8211;<em>S\u00e9lection Grand Prix du Jeune Lecteur et Livre conseill\u00e9 par le\u00a0 Minist\u00e8re de l\u2019Education Nationale\u00a0<\/em><\/li>\n\n\n\n<li><strong>Le Ramayana <\/strong>(Inde)\u00a0<strong>-Les Fils du Soleil <\/strong>(Indiens d\u2019Am\u00e9rique).<\/li>\n<\/ul>\n\n\n\n<h2 class=\"wp-block-heading\"><strong>Dans la collection spiritualit\u00e9s vivantes chez ALBIN MICHEL<\/strong><\/h2>\n\n\n\n<ul>\n<li><strong>Les contes des Arts Martiaux <\/strong><em>(traduit dans 6 langues)<\/em><\/li>\n<\/ul>\n\n\n\n<h2 class=\"wp-block-heading\"><strong>Dans la collection paroles de conteurs chez SYROS<\/strong><\/h2>\n\n\n\n<ul>\n<li><strong>Issounboshi et autres contes japonais <\/strong>(\u00e9puis\u00e9)\u00a0<\/li>\n\n\n\n<li>L<strong>e moinillon et la yama ouba<\/strong> (\u00e9puis\u00e9)\u00a0<\/li>\n<\/ul>\n\n\n\n<h2 class=\"wp-block-heading\"><strong>Albums jeunesse<\/strong><\/h2>\n\n\n\n<ul>\n<li><strong>Le Lion de Pierre <\/strong>(conte tib\u00e9tain), illustr\u00e9 par B\u00e9n\u00e9dicte Nemo &#8211; \u00e9ditions Lirabelle + version kamishiba\u00ef\u00a0<\/li>\n\n\n\n<li><strong>Le samoura\u00ef et les trois brigands <\/strong>(conte zen), illustr\u00e9 par Marc Ingrand \u2013 \u00e9ditions Cipango\u00a0 (2017) <em>\u2013 Coup de c\u0153ur Opalivres et Centre National du Livre Jeunesse\u00a0<\/em><\/li>\n\n\n\n<li><strong>Le chant des pierres<\/strong>, (l\u00e9gende sioux) illustr\u00e9 par B\u00e9n\u00e9dicte Nemo &#8211; \u00e9ditions Cipango\u00a0 (2017)<\/li>\n<\/ul>\n","protected":false},"excerpt":{"rendered":"<p>Dans la collection \u00ab contes des sages \u00bb cr\u00e9\u00e9e par Henri Gougaud au SEUIL Dans la collection Epop\u00e9e chez CASTERMAN Dans la collection spiritualit\u00e9s vivantes chez ALBIN MICHEL Dans la collection paroles de conteurs chez<a class=\"read-more\" href=\"https:\/\/cie-hamsa.com\/index.php\/bibliographie\/\">Continue reading<\/a><\/p>\n","protected":false},"author":1,"featured_media":0,"parent":0,"menu_order":0,"comment_status":"closed","ping_status":"closed","template":"","meta":{"footnotes":""},"_links":{"self":[{"href":"https:\/\/cie-hamsa.com\/index.php\/wp-json\/wp\/v2\/pages\/247"}],"collection":[{"href":"https:\/\/cie-hamsa.com\/index.php\/wp-json\/wp\/v2\/pages"}],"about":[{"href":"https:\/\/cie-hamsa.com\/index.php\/wp-json\/wp\/v2\/types\/page"}],"author":[{"embeddable":true,"href":"https:\/\/cie-hamsa.com\/index.php\/wp-json\/wp\/v2\/users\/1"}],"replies":[{"embeddable":true,"href":"https:\/\/cie-hamsa.com\/index.php\/wp-json\/wp\/v2\/comments?post=247"}],"version-history":[{"count":1,"href":"https:\/\/cie-hamsa.com\/index.php\/wp-json\/wp\/v2\/pages\/247\/revisions"}],"predecessor-version":[{"id":248,"href":"https:\/\/cie-hamsa.com\/index.php\/wp-json\/wp\/v2\/pages\/247\/revisions\/248"}],"wp:attachment":[{"href":"https:\/\/cie-hamsa.com\/index.php\/wp-json\/wp\/v2\/media?parent=247"}],"curies":[{"name":"wp","href":"https:\/\/api.w.org\/{rel}","templated":true}]}}