{"id":39,"date":"2018-08-10T09:33:00","date_gmt":"2018-08-10T07:33:00","guid":{"rendered":"http:\/\/cie-hamsa.com\/?page_id=39"},"modified":"2024-08-07T15:03:03","modified_gmt":"2024-08-07T13:03:03","slug":"hamsa","status":"publish","type":"page","link":"https:\/\/cie-hamsa.com\/","title":{"rendered":"HAMSA"},"content":{"rendered":"\n<h2 class=\"wp-block-heading has-text-align-center\"><em>Comme le cygne Hamsa, le messager des dieux en Inde, le conte est un oiseau migrateur qui ne conna\u00eet pas de fronti\u00e8res&nbsp;<\/em><\/h2>\n\n\n\n<blockquote class=\"wp-block-quote is-layout-flow wp-block-quote-is-layout-flow\">\n<p><\/p>\n<\/blockquote>\n\n\n\n<p>La Cie Hamsa s&rsquo;est sp\u00e9cialis\u00e9e dans la cr\u00e9ation et la diffusion de spectacles de contes musicaux et gestuels qui ont tourn\u00e9 dans des m\u00e9diath\u00e8ques, festivals, th\u00e9\u00e2tres, mus\u00e9es et lieux du patrimoine.&nbsp;<\/p>\n\n\n\n<p><strong>Depuis 1986<\/strong>, \u00e0 l&rsquo;initiative de Martine Salmon et Pascal Fauliot, la <em>C<\/em><em><sup>ie<\/sup><\/em><em> Hamsa<\/em> rassemble une \u00e9quipe de passionn\u00e9s des <strong>Arts de la Parole<\/strong> et plus largement de la <strong>Transmission<\/strong>. Elle a pour vocation de renouveler <strong>l\u2019art du Conte<\/strong> et de le faire reconna\u00eetre comme une <strong>discipline artistique et litt\u00e9raire \u00e0 part enti\u00e8re<\/strong> qui transmet le <strong>patrimoine imaginaire de l\u2019humanit\u00e9<\/strong>.&nbsp;<\/p>\n\n\n\n<p>Elle organise<strong><mark style=\"background-color:rgba(0, 0, 0, 0)\" class=\"has-inline-color has-black-color\"> <a href=\"http:\/\/www.lelegendaire.fr\">Le L\u00e9gendaire<\/a><\/mark><\/strong><a href=\"http:\/\/www.lelegendaire.fr\">,<\/a> le festival du Conte et de l&rsquo;Imaginaire o\u00f9 elle programme des conteurs de toute la francophonie et o\u00f9 elle soutient des cr\u00e9ations de spectacles vivants.<br>La Cie propose \u00e9galement des balades et visites cont\u00e9es dans des lieux du patrimoine<br>historique et naturel.&nbsp;<\/p>\n\n\n\n<p>Elle \u0153uvre aussi bien \u00e0 travers des <strong>spectacles interdisciplinaires<\/strong> qu\u2019\u00e0 travers des<strong> \u00e9v\u00e9nements litt\u00e9raires<\/strong>,<strong> artistiques<\/strong> et un <strong>travail de sensibilisation<\/strong>.<\/p>\n\n\n\n<p>La <strong>direction artistique<\/strong> est confi\u00e9e au conteur, metteur en sc\u00e8ne et auteur <strong><a href=\"https:\/\/cie-hamsa.com\/index.php\/hamsa\/artistes-associes\/pascal-fauliot\/\" data-type=\"page\" data-id=\"194\">Pascal Fauliot<\/a>.<\/strong><\/p>\n\n\n\n<p><\/p>\n\n\n\n<h2 class=\"wp-block-heading\"><\/h2>\n\n\n\n<p><\/p>\n\n\n\n<div class=\"wp-block-buttons is-layout-flex wp-block-buttons-is-layout-flex\">\n<div class=\"wp-block-button\"><a class=\"wp-block-button__link wp-element-button\" href=\"https:\/\/cie-hamsa.com\/index.php\/hamsa\/artistes\/artistes-associes\/\">Nos artistes associ\u00e9s <\/a><\/div>\n\n\n\n<div class=\"wp-block-button\"><a class=\"wp-block-button__link wp-element-button\" href=\"https:\/\/cie-hamsa.com\/index.php\/hamsa\/association\/\">Notre association<\/a><\/div>\n\n\n\n<div class=\"wp-block-button\"><a class=\"wp-block-button__link wp-element-button\" href=\"https:\/\/cie-hamsa.com\/index.php\/hamsa\/association\/\">Suivez notre actualit\u00e9<\/a><\/div>\n<\/div>\n","protected":false},"excerpt":{"rendered":"<p>Comme le cygne Hamsa, le messager des dieux en Inde, le conte est un oiseau migrateur qui ne conna\u00eet pas de fronti\u00e8res&nbsp; La Cie Hamsa s&rsquo;est sp\u00e9cialis\u00e9e dans la cr\u00e9ation et la diffusion de spectacles<a class=\"read-more\" href=\"https:\/\/cie-hamsa.com\/\">Continue reading<\/a><\/p>\n","protected":false},"author":1,"featured_media":32,"parent":0,"menu_order":0,"comment_status":"closed","ping_status":"closed","template":"","meta":{"footnotes":""},"_links":{"self":[{"href":"https:\/\/cie-hamsa.com\/index.php\/wp-json\/wp\/v2\/pages\/39"}],"collection":[{"href":"https:\/\/cie-hamsa.com\/index.php\/wp-json\/wp\/v2\/pages"}],"about":[{"href":"https:\/\/cie-hamsa.com\/index.php\/wp-json\/wp\/v2\/types\/page"}],"author":[{"embeddable":true,"href":"https:\/\/cie-hamsa.com\/index.php\/wp-json\/wp\/v2\/users\/1"}],"replies":[{"embeddable":true,"href":"https:\/\/cie-hamsa.com\/index.php\/wp-json\/wp\/v2\/comments?post=39"}],"version-history":[{"count":18,"href":"https:\/\/cie-hamsa.com\/index.php\/wp-json\/wp\/v2\/pages\/39\/revisions"}],"predecessor-version":[{"id":360,"href":"https:\/\/cie-hamsa.com\/index.php\/wp-json\/wp\/v2\/pages\/39\/revisions\/360"}],"wp:featuredmedia":[{"embeddable":true,"href":"https:\/\/cie-hamsa.com\/index.php\/wp-json\/wp\/v2\/media\/32"}],"wp:attachment":[{"href":"https:\/\/cie-hamsa.com\/index.php\/wp-json\/wp\/v2\/media?parent=39"}],"curies":[{"name":"wp","href":"https:\/\/api.w.org\/{rel}","templated":true}]}}