{"id":52,"date":"2018-08-10T09:51:43","date_gmt":"2018-08-10T07:51:43","guid":{"rendered":"http:\/\/cie-hamsa.com\/?page_id=52"},"modified":"2024-04-18T19:20:55","modified_gmt":"2024-04-18T17:20:55","slug":"artistes","status":"publish","type":"page","link":"https:\/\/cie-hamsa.com\/index.php\/hamsa\/artistes\/","title":{"rendered":"LA COMPAGNIE"},"content":{"rendered":"\n<p>La cie Hamsa r\u00e9unit des artistes int\u00e9ress\u00e9s par la recherche autour du conte et la musique, sous la direction artistique de Pascal Fauliot.<\/p>\n\n\n\n<p><a href=\"https:\/\/cie-hamsa.com\/index.php\/hamsa\/artistes-associes\/\" data-type=\"page\" data-id=\"191\">ARTISTES ASSOCI\u00c9S<\/a><\/p>\n\n\n\n<p>COLLABORATIONS<\/p>\n\n\n\n<p><\/p>\n\n\n\n<p><\/p>\n","protected":false},"excerpt":{"rendered":"<p>La cie Hamsa r\u00e9unit des artistes int\u00e9ress\u00e9s par la recherche autour du conte et la musique, sous la direction artistique de Pascal Fauliot. ARTISTES ASSOCI\u00c9S COLLABORATIONS<\/p>\n","protected":false},"author":1,"featured_media":0,"parent":39,"menu_order":1,"comment_status":"closed","ping_status":"closed","template":"","meta":{"footnotes":""},"_links":{"self":[{"href":"https:\/\/cie-hamsa.com\/index.php\/wp-json\/wp\/v2\/pages\/52"}],"collection":[{"href":"https:\/\/cie-hamsa.com\/index.php\/wp-json\/wp\/v2\/pages"}],"about":[{"href":"https:\/\/cie-hamsa.com\/index.php\/wp-json\/wp\/v2\/types\/page"}],"author":[{"embeddable":true,"href":"https:\/\/cie-hamsa.com\/index.php\/wp-json\/wp\/v2\/users\/1"}],"replies":[{"embeddable":true,"href":"https:\/\/cie-hamsa.com\/index.php\/wp-json\/wp\/v2\/comments?post=52"}],"version-history":[{"count":11,"href":"https:\/\/cie-hamsa.com\/index.php\/wp-json\/wp\/v2\/pages\/52\/revisions"}],"predecessor-version":[{"id":211,"href":"https:\/\/cie-hamsa.com\/index.php\/wp-json\/wp\/v2\/pages\/52\/revisions\/211"}],"up":[{"embeddable":true,"href":"https:\/\/cie-hamsa.com\/index.php\/wp-json\/wp\/v2\/pages\/39"}],"wp:attachment":[{"href":"https:\/\/cie-hamsa.com\/index.php\/wp-json\/wp\/v2\/media?parent=52"}],"curies":[{"name":"wp","href":"https:\/\/api.w.org\/{rel}","templated":true}]}}