{"id":54,"date":"2018-08-10T09:51:43","date_gmt":"2018-08-10T07:51:43","guid":{"rendered":"http:\/\/cie-hamsa.com\/?page_id=54"},"modified":"2024-06-13T22:05:19","modified_gmt":"2024-06-13T20:05:19","slug":"programmation","status":"publish","type":"page","link":"https:\/\/cie-hamsa.com\/index.php\/programmation\/","title":{"rendered":"FESTIVAL LE L\u00c9GENDAIRE"},"content":{"rendered":"\n<figure class=\"wp-block-gallery has-nested-images columns-default is-cropped wp-block-gallery-1 is-layout-flex wp-block-gallery-is-layout-flex\"><\/figure>\n\n\n\n<div class=\"wp-block-cover alignfull\" style=\"padding-top:4vw;padding-right:4vw;padding-bottom:4vw;padding-left:4vw;min-height:66vh;aspect-ratio:unset;\"><span aria-hidden=\"true\" class=\"wp-block-cover__background has-black-background-color has-background-dim-100 has-background-dim\"><\/span><div class=\"wp-block-cover__inner-container is-layout-flow wp-block-cover-is-layout-flow\">\n<div class=\"wp-block-group is-content-justification-center is-nowrap is-layout-flex wp-container-core-group-is-layout-1 wp-block-group-is-layout-flex\">\n<figure class=\"wp-block-image size-full\"><img loading=\"lazy\" decoding=\"async\" width=\"188\" height=\"268\" src=\"http:\/\/cie-hamsa.com\/wp-content\/uploads\/2024\/04\/legendarie-2023.jpeg\" alt=\"\" class=\"wp-image-261\"\/><\/figure>\n\n\n\n<figure class=\"wp-block-image size-full\"><img loading=\"lazy\" decoding=\"async\" width=\"189\" height=\"267\" src=\"http:\/\/cie-hamsa.com\/wp-content\/uploads\/2024\/04\/legendarie-2022.jpeg\" alt=\"\" class=\"wp-image-260\"\/><\/figure>\n\n\n\n<figure class=\"wp-block-image size-full is-resized\"><img loading=\"lazy\" decoding=\"async\" width=\"189\" height=\"267\" src=\"http:\/\/cie-hamsa.com\/wp-content\/uploads\/2024\/04\/legendarie-2021.jpeg\" alt=\"\" class=\"wp-image-259\" style=\"width:193px;height:auto\"\/><\/figure>\n<\/div>\n<\/div><\/div>\n\n\n\n<p><strong><span style=\"color: #993366;\"><em><span style=\"vertical-align: inherit;\"><span style=\"vertical-align: inherit;\">Le L\u00e9gendaire<\/span><\/span><\/em><span style=\"vertical-align: inherit;\"><span style=\"vertical-align: inherit;\"> &nbsp;\u2022&nbsp; <\/span><\/span><\/span><span style=\"color: #333333;\"><span style=\"vertical-align: inherit;\"><span style=\"vertical-align: inherit;\">festival du Conte &amp; de l&rsquo;Imaginaire (28)<\/span><\/span><\/span><\/strong><\/p>\n\n\n\n<p>Le festival porte une mission culturelle et artistique de proximit\u00e9, favorisant l\u2019acc\u00e8s au patrimoine litt\u00e9raire oral et \u00e9crit. Des r\u00e9cits du monde entier sont interpr\u00e9t\u00e9s par des conteurs r\u00e9gionaux et\/ou renomm\u00e9s dans toute la francophonie et accompagn\u00e9s de musiciens. Des s\u00e9ances sc\u00e9nographi\u00e9es se jouent \u00e9galement dans des lieux patrimoniaux remarquables. <\/p>\n\n\n\n<p>La programmation sur une m\u00eame th\u00e9matique annuelle se fait en partenariat avec les collectivit\u00e9s territoriales, les biblioth\u00e8ques, des associations locales, en lien avec leurs objectifs p\u00e9dagogiques, soci\u00e9taux, culturels et artistiques, \u0153uvrant ainsi aupr\u00e8s d\u2019un large public. <\/p>\n\n\n\n<p>La librairie itin\u00e9rante propose une bibliographie sp\u00e9cifique \u00e0 chaque spectacle, en vente et en d\u00e9dicace par les conteurs- auteurs.<\/p>\n\n\n\n<p>Le temps fort <mark style=\"background-color:rgba(0, 0, 0, 0)\" class=\"has-inline-color has-black-color\">Les Rencontres du L\u00e9gendaire <\/mark>met en lumi\u00e8re l\u2019histoire des contes, leurs correspondances dans les cultures du monde, r\u00e9v\u00e8le leurs symboliques et leurs int\u00e9r\u00eats artistiques, p\u00e9dagogiques, th\u00e9rapeutiques. Des actions de m\u00e9diation, des r\u00e9sidences artistiques impliquant de jeunes eur\u00e9liens, l\u2019accompagnement des publics emp\u00each\u00e9s et la gratuit\u00e9 ou des tarifs modiques permettent au plus grand nombre de participer, de profiter de temps privil\u00e9gi\u00e9s en famille et de tisser des ponts entre les cultures, les milieux sociaux et les g\u00e9n\u00e9rations.<\/p>\n\n\n\n<p><\/p>\n\n\n\n<p><span style=\"color: #333333;\"><b><span style=\"vertical-align: inherit;\"><span style=\"vertical-align: inherit;\">EN COLLABORATION AVEC<\/span><\/span><\/b><\/span> :<\/p>\n\n\n\n<p><span style=\"color: #333333;\"><\/span><\/p>\n\n\n\n<ul>\n<li><span style=\"color: #333333;\"><span style=\"vertical-align: inherit;\"><span style=\"vertical-align: inherit;\">la Ligue de l&rsquo;Enseignement (FOL 28)<\/span><\/span><\/span><\/li>\n\n\n\n<li><span style=\"color: #333333;\"><span style=\"vertical-align: inherit;\"><span style=\"vertical-align: inherit;\">la M\u00e9diath\u00e8que D\u00e9partementale 28 (MDEL)<\/span><\/span><\/span><\/li>\n\n\n\n<li><span style=\"color: #333333;\"><span style=\"vertical-align: inherit;\"><span style=\"vertical-align: inherit;\">les communes partenaires<\/span><\/span><\/span><\/li>\n<\/ul>\n\n\n\n<p><span style=\"color: #333333;\"><b><span style=\"vertical-align: inherit;\"><span style=\"vertical-align: inherit;\">AVEC LE SOUTIEN<\/span><\/span><\/b><\/span><\/p>\n\n\n\n<ul>\n<li><span style=\"color: #333333;\"><span style=\"vertical-align: inherit;\"><span style=\"vertical-align: inherit;\">Minist\u00e8re de la Culture (DRAC)<\/span><\/span><\/span><\/li>\n\n\n\n<li><span style=\"color: #333333;\"><span style=\"vertical-align: inherit;\"><span style=\"vertical-align: inherit;\">R\u00e9gion Centre-Val de Loire<\/span><\/span><\/span><\/li>\n\n\n\n<li><span style=\"color: #333333;\"><span style=\"vertical-align: inherit;\"><span style=\"vertical-align: inherit;\">D\u00e9partement d&rsquo;Eure-et-Loir<\/span><\/span><\/span><\/li>\n\n\n\n<li>Ville de Luisant<\/li>\n\n\n\n<li>La Sofia Action Culturelle<\/li>\n\n\n\n<li>Fondation du Cr\u00e9dit Mutuel pour la Lecture<\/li>\n<\/ul>\n\n\n\n<p><\/p>\n\n\n\n<p><span style=\"color: #808080;\"><span style=\"vertical-align: inherit;\"><span style=\"vertical-align: inherit;\"><\/span><\/span><\/span><\/p>\n\n\n\n<p><span style=\"color: #333333;\"><span style=\"vertical-align: inherit;\"><span style=\"vertical-align: inherit;\">VOIR LE SITE : <a href=\"http:\/\/lelegendaire.fr\">www.lelegendaire.fr<\/a><\/span><\/span><\/span><\/p>\n\n\n\n<hr class=\"wp-block-separator has-css-opacity is-style-default\"\/>\n\n\n<div class=\"wp-block-image is-style-rounded\">\n<figure class=\"aligncenter size-full is-resized\"><img loading=\"lazy\" decoding=\"async\" width=\"596\" height=\"794\" src=\"https:\/\/cie-hamsa.com\/wp-content\/uploads\/2024\/04\/Capture-decran-2018-08-11-a-12.46.26-edited-1.png\" alt=\"\" class=\"wp-image-264\" style=\"width:121px;height:auto\" srcset=\"https:\/\/cie-hamsa.com\/wp-content\/uploads\/2024\/04\/Capture-decran-2018-08-11-a-12.46.26-edited-1.png 596w, https:\/\/cie-hamsa.com\/wp-content\/uploads\/2024\/04\/Capture-decran-2018-08-11-a-12.46.26-edited-1-225x300.png 225w, https:\/\/cie-hamsa.com\/wp-content\/uploads\/2024\/04\/Capture-decran-2018-08-11-a-12.46.26-edited-1-520x693.png 520w\" sizes=\"(max-width: 596px) 100vw, 596px\" \/><figcaption class=\"wp-element-caption\">AfficheLeLegendaire2018\u00a9CieHamsa<\/figcaption><\/figure><\/div>\n\n\n<blockquote class=\"wp-block-quote has-text-align-center is-style-large is-layout-flow wp-block-quote-is-layout-flow\">\n<p>\u00ab&nbsp;Favoriser l&rsquo;\u00e9panouissement de l&rsquo;enfant et l&rsquo;\u00e9veiller \u00e0 l&rsquo;art, c&rsquo;est cultiver sa sensibilit\u00e9, son imagination, son intelligence, dans la perspective d&rsquo;en faire un \u00eatre de d\u00e9sir. \u00bb<\/p>\n<cite>\u2014 G\u00e9rard Garouste<\/cite><\/blockquote>\n\n\n\n<hr class=\"wp-block-separator has-css-opacity is-style-default\"\/>\n","protected":false},"excerpt":{"rendered":"<p>Le L\u00e9gendaire &nbsp;\u2022&nbsp; festival du Conte &amp; de l&rsquo;Imaginaire (28) Le festival porte une mission culturelle et artistique de proximit\u00e9, favorisant l\u2019acc\u00e8s au patrimoine litt\u00e9raire oral et \u00e9crit. Des r\u00e9cits du monde entier sont interpr\u00e9t\u00e9s<a class=\"read-more\" href=\"https:\/\/cie-hamsa.com\/index.php\/programmation\/\">Continue reading<\/a><\/p>\n","protected":false},"author":1,"featured_media":0,"parent":0,"menu_order":0,"comment_status":"closed","ping_status":"closed","template":"","meta":{"footnotes":""},"_links":{"self":[{"href":"https:\/\/cie-hamsa.com\/index.php\/wp-json\/wp\/v2\/pages\/54"}],"collection":[{"href":"https:\/\/cie-hamsa.com\/index.php\/wp-json\/wp\/v2\/pages"}],"about":[{"href":"https:\/\/cie-hamsa.com\/index.php\/wp-json\/wp\/v2\/types\/page"}],"author":[{"embeddable":true,"href":"https:\/\/cie-hamsa.com\/index.php\/wp-json\/wp\/v2\/users\/1"}],"replies":[{"embeddable":true,"href":"https:\/\/cie-hamsa.com\/index.php\/wp-json\/wp\/v2\/comments?post=54"}],"version-history":[{"count":11,"href":"https:\/\/cie-hamsa.com\/index.php\/wp-json\/wp\/v2\/pages\/54\/revisions"}],"predecessor-version":[{"id":305,"href":"https:\/\/cie-hamsa.com\/index.php\/wp-json\/wp\/v2\/pages\/54\/revisions\/305"}],"wp:attachment":[{"href":"https:\/\/cie-hamsa.com\/index.php\/wp-json\/wp\/v2\/media?parent=54"}],"curies":[{"name":"wp","href":"https:\/\/api.w.org\/{rel}","templated":true}]}}